{"id":415,"date":"2025-04-30T10:06:44","date_gmt":"2025-04-30T08:06:44","guid":{"rendered":"https:\/\/www.utcpv.at\/?page_id=415"},"modified":"2026-03-17T21:48:50","modified_gmt":"2026-03-17T20:48:50","slug":"impressum","status":"publish","type":"page","link":"https:\/\/www.utcpv.at\/?page_id=415","title":{"rendered":"Impressum"},"content":{"rendered":"\n<div class=\"wp-block-getwid-section alignfull alignfull getwid-section-content-custom-width\"><div class=\"wp-block-getwid-section__wrapper getwid-padding-left-medium getwid-padding-right-medium\"><div class=\"wp-block-getwid-section__inner-wrapper\" style=\"max-width:1140px\"><div class=\"wp-block-getwid-section__background-holder\"><div class=\"wp-block-getwid-section__background\"><\/div><div class=\"wp-block-getwid-section__foreground\"><\/div><\/div><div class=\"wp-block-getwid-section__content\"><div class=\"wp-block-getwid-section__inner-content\">\n<h4 class=\"wp-block-heading has-text-align-left has-inter-font-family has-upper-heading-font-size\">Impressum<\/h4>\n\n\n\n<div class=\"wp-block-getwid-advanced-spacer\" style=\"height:30px\" aria-hidden=\"true\"><\/div>\n\n\n\n<div class=\"wp-block-columns has-2-columns is-layout-flex wp-container-core-columns-is-layout-28f84493 wp-block-columns-is-layout-flex\">\n<div class=\"wp-block-column is-layout-flow wp-block-column-is-layout-flow\">\n<p class=\"has-inter-font-family\">Medieninhaber und Herausgeber:<\/p>\n\n\n<style>@media only screen and (max-width: 600px) {.gb-69f3849a767f2{font-size: 13px!important;}}<\/style>\n<p class=\"gb-69f3849a767f2 has-inter-font-family\">Union Tennisclub Pfaffing-V\u00f6cklamarkt<br>Hausham 16<br>4870 Pfaffing<\/p>\n\n\n<style>@media only screen and (max-width: 600px) {.gb-69f3849a8291a{font-size: 13px!important;}}<\/style>\n<p class=\"gb-69f3849a8291a has-inter-font-family\">Vertreten durch den Obmann Markus Gruber<br>Kontakt Office &#8211; Lisa K\u00f6ppl: <br>Telefon +43 (0)660\/6772046 &#8211;\u00a0<a href=\"mailto:office@utcpv.at\">office@utcpv.at<\/a><\/p>\n\n\n<style>@media only screen and (max-width: 600px) {.gb-69f3849a8b4e1{font-size: 13px!important;}}<\/style>\n<p class=\"gb-69f3849a8b4e1 has-inter-font-family\">Bankverbindung:&nbsp;Volksbank V\u00f6cklamarkt &#8211; IBAN: AT03 4501 0322 0084 0000<\/p>\n\n\n<style>@media only screen and (max-width: 600px) {.gb-69f3849a94101{font-size: 13px!important;}}<\/style>\n<p class=\"gb-69f3849a94101 has-inter-font-family\">Nummer im zentralen Vereinsregister (ZVR-Nr): 864846485<\/p>\n\n\n<style>@media only screen and (max-width: 600px) {.gb-69f3849a9cad3{line-height: 1.5!important;font-size: 14px!important;}}<\/style>\n<p class=\"gb-69f3849a9cad3 has-inter-font-family\">Die hier wiedergegebenen Inhalte dienen zur Information der Mitglieder des UTC Pfaffing-V\u00f6cklamarkt und Interessierter. F\u00fcr enthaltene Fehler, die trotz eingehender Recherche und Aufarbeitung entstanden sind, kann keine wie immer geartete Haftung \u00fcbernommen werden. Weiters erkl\u00e4rt sich der Verein \u201eUTC-Pfaffing-V\u00f6cklamarkt\u201c als nicht verantwortlich f\u00fcr den Inhalt von extern liegenden Internetseiten, auf die mit einem Link verwiesen wird. Jede Nutzung bzw. Weiterverwendung von Inhalten (dies gilt insbesondere f\u00fcr Texte, Bilder, Grafiken und Programmcode) au\u00dferhalb dieser Webpr\u00e4senz und die Portierung auf andere Medien bedarf ausnahmslos der schriftlichen Genehmigung des Medieninhabers.<\/p>\n\n\n<style>@media only screen and (max-width: 600px) {.gb-69f3849aa59b7{line-height: 1.5!important;font-size: 14px!important;}}<\/style>\n<p class=\"gb-69f3849aa59b7 has-inter-font-family\">Webadmin:&nbsp;<a href=\"http:\/\/www.hemets-it.at\/\" target=\"_blank\" rel=\"noreferrer noopener\">Christian Hemetsberger IT-Dienstleistungen<\/a><\/p>\n\n\n<style>@media only screen and (max-width: 600px) {.gb-69f3849aaef04{line-height: 1.5!important;font-size: 14px!important;}}<\/style>\n<p class=\"gb-69f3849aaef04 has-inter-font-family\">\u00a9 2025 UTC-Pfaffing-V\u00f6cklamarkt<\/p>\n<\/div>\n<\/div>\n<\/div><\/div><\/div><\/div><\/div>\n","protected":false},"excerpt":{"rendered":"","protected":false},"author":1,"featured_media":0,"parent":0,"menu_order":0,"comment_status":"closed","ping_status":"closed","template":"","meta":{"footnotes":""},"class_list":["post-415","page","type-page","status-publish","hentry"],"featured_image_src":null,"featured_image_src_square":null,"_links":{"self":[{"href":"https:\/\/www.utcpv.at\/index.php?rest_route=\/wp\/v2\/pages\/415","targetHints":{"allow":["GET"]}}],"collection":[{"href":"https:\/\/www.utcpv.at\/index.php?rest_route=\/wp\/v2\/pages"}],"about":[{"href":"https:\/\/www.utcpv.at\/index.php?rest_route=\/wp\/v2\/types\/page"}],"author":[{"embeddable":true,"href":"https:\/\/www.utcpv.at\/index.php?rest_route=\/wp\/v2\/users\/1"}],"replies":[{"embeddable":true,"href":"https:\/\/www.utcpv.at\/index.php?rest_route=%2Fwp%2Fv2%2Fcomments&post=415"}],"version-history":[{"count":6,"href":"https:\/\/www.utcpv.at\/index.php?rest_route=\/wp\/v2\/pages\/415\/revisions"}],"predecessor-version":[{"id":463,"href":"https:\/\/www.utcpv.at\/index.php?rest_route=\/wp\/v2\/pages\/415\/revisions\/463"}],"wp:attachment":[{"href":"https:\/\/www.utcpv.at\/index.php?rest_route=%2Fwp%2Fv2%2Fmedia&parent=415"}],"curies":[{"name":"wp","href":"https:\/\/api.w.org\/{rel}","templated":true}]}}